{"id":53,"date":"2019-06-23T05:58:58","date_gmt":"2019-06-23T05:58:58","guid":{"rendered":"https:\/\/the7.io\/hotel\/?page_id=53"},"modified":"2019-12-10T03:50:45","modified_gmt":"2019-12-10T03:50:45","slug":"lashabitaciones","status":"publish","type":"page","link":"https:\/\/estudianteshospedaje.com\/en\/lashabitaciones\/","title":{"rendered":"Rooms"},"content":{"rendered":"<div class=\"wpb-content-wrapper\"><div class=\"vc_row wpb_row vc_row-fluid vc_custom_1568896098865 vc_row-o-content-middle vc_row-flex\"><div data-vc-parallax=\"1.5\" data-vc-parallax-image=\"https:\/\/estudianteshospedaje.com\/wp-content\/uploads\/2019\/11\/dormitorio-alumno-solo.jpg\" class=\"wpb_column vc_column_container vc_col-sm-6 vc_col-has-fill vc_general vc_parallax vc_parallax-content-moving\"><div class=\"vc_column-inner vc_custom_1575108775178\"><div class=\"wpb_wrapper\"><\/div><\/div><\/div><div class=\"wpb_column vc_column_container vc_col-sm-6 vc_col-has-fill\"><div class=\"vc_column-inner vc_custom_1566570376942\"><div class=\"wpb_wrapper\"><div id=\"ultimate-heading-64369e5ac283ba68\" class=\"uvc-heading ult-adjust-bottom-margin ultimate-heading-64369e5ac283ba68 uvc-4709  uvc-heading-default-font-sizes\" data-hspacer=\"no_spacer\"  data-halign=\"left\" style=\"text-align:left\"><div class=\"uvc-heading-spacer no_spacer\" style=\"top\"><\/div><div class=\"uvc-sub-heading ult-responsive\"  data-ultimate-target='.uvc-heading.ultimate-heading-64369e5ac283ba68 .uvc-sub-heading '  data-responsive-json-new='{\"font-size\":\"desktop:17px;\",\"line-height\":\"desktop:28px;\"}'  style=\"font-weight:normal;color:#605956;\"><strong>All rooms have:<\/strong><\/p>\n<ul>\n<li><strong>WIFI:<\/strong> Available all year round and in all main rooms.<\/li>\n<li><strong>Minibar<\/strong>\u00a0So you can save what you like and have it on hand whenever you want.<\/li>\n<li><strong>Microwave:<\/strong> If it causes you to prepare or heat some food.<\/li>\n<li><strong>Cable TV:<\/strong> where you can see the most demanded local and world channels.<\/li>\n<li><strong>Private bathroom<\/strong> \/ basic.<\/li>\n<\/ul>\n<p>Comfortable beds, wardrobes and study table.<\/div><\/div><span id=\"creative-link-wrap-8274\" class=\"ult_main_cl ult-adjust-bottom-margin\" >\n\t \t\t\t<span class=\"ult_cl_link_3  ult_crlink\" >\n\t\t\t\t\t<a  data-ultimate-target='#creative-link-wrap-8274 .ult_colorlink'  data-responsive-json-new='{\"font-size\":\"\",\"line-height\":\"\"}'  href=\"https:\/\/estudianteshospedaje.com\/en\/galeria\/\" title=\"Gallery\"  class=\"ult_colorlink ult-responsive  vc_custom_1575165556243\" style=\"font-weight:normal; \"  data-textcolor=\"#ad5142\" data-texthover=\"#ad5142\"data-style=\"Style_3\">\n\t\t\t\t\t\t\n\t\t\t\t\t\t<span data-hover=\"M\u00edralas aqu\u00ed\" style=\"color:#ad5142;;;\" class=\"ult_btn10_span\">Check them<\/span>\n\t\t\t\t\t\t<span class=\"ult_link_btm3\" style=\"border-color:#ad5142;border-bottom-width:2px;border-style:solid;\"><\/span>\n\t\t\t\t\t<\/a>\n\t\t\t\t<\/span>\n\t\t\t<\/span><\/div><\/div><\/div><\/div><div class=\"vc_row wpb_row vc_row-fluid\"><\/div>\n<\/div>","protected":false},"excerpt":{"rendered":"<p>Todas las habitaciones cuentan con: WIFI: Disponible todo el a\u00f1o y en todos los ambientes. Frigobar:\u00a0para que conserves lo que te gusta y lo tengas a la mano cuando lo desees. Microondas: si te provoca preparar o calentar alg\u00fan alimento. Tv Cable: donde puedes ver los m\u00e1s demandados canales locales y del mundo. Ba\u00f1o privado&hellip;<\/p>","protected":false},"author":1,"featured_media":0,"parent":0,"menu_order":0,"comment_status":"closed","ping_status":"closed","template":"","meta":{"footnotes":""},"class_list":["post-53","page","type-page","status-publish","hentry","description-off"],"yoast_head":"<!-- This site is optimized with the Yoast SEO plugin v20.8 - https:\/\/yoast.com\/wordpress\/plugins\/seo\/ -->\n<title>Las habitaciones - Residencia Universitaria<\/title>\n<meta name=\"description\" content=\"Es un alojamiento familiar para estudiantes universitarios o de intercambio, ofrecemos calidad y contamos con la cercan\u00eda a diferentes universidades.\" \/>\n<meta name=\"robots\" content=\"index, follow, max-snippet:-1, max-image-preview:large, max-video-preview:-1\" \/>\n<link rel=\"canonical\" href=\"https:\/\/estudianteshospedaje.com\/en\/lashabitaciones\/\" \/>\n<meta property=\"og:locale\" content=\"en_US\" \/>\n<meta property=\"og:type\" content=\"article\" \/>\n<meta property=\"og:title\" content=\"Las habitaciones - Residencia Universitaria\" \/>\n<meta property=\"og:description\" content=\"Es un alojamiento familiar para estudiantes universitarios o de intercambio, ofrecemos calidad y contamos con la cercan\u00eda a diferentes universidades.\" \/>\n<meta property=\"og:url\" content=\"https:\/\/estudianteshospedaje.com\/en\/lashabitaciones\/\" \/>\n<meta property=\"og:site_name\" content=\"Residencia Universitaria\" \/>\n<meta property=\"article:modified_time\" content=\"2019-12-10T03:50:45+00:00\" \/>\n<meta name=\"twitter:card\" content=\"summary_large_image\" \/>\n<meta name=\"twitter:label1\" content=\"Est. reading time\" \/>\n\t<meta name=\"twitter:data1\" content=\"1 minute\" \/>\n<script type=\"application\/ld+json\" class=\"yoast-schema-graph\">{\"@context\":\"https:\/\/schema.org\",\"@graph\":[{\"@type\":\"WebPage\",\"@id\":\"https:\/\/estudianteshospedaje.com\/en\/lashabitaciones\/\",\"url\":\"https:\/\/estudianteshospedaje.com\/en\/lashabitaciones\/\",\"name\":\"Las habitaciones - Residencia Universitaria\",\"isPartOf\":{\"@id\":\"https:\/\/estudianteshospedaje.com\/#website\"},\"datePublished\":\"2019-06-23T05:58:58+00:00\",\"dateModified\":\"2019-12-10T03:50:45+00:00\",\"description\":\"Es un alojamiento familiar para estudiantes universitarios o de intercambio, ofrecemos calidad y contamos con la cercan\u00eda a diferentes universidades.\",\"breadcrumb\":{\"@id\":\"https:\/\/estudianteshospedaje.com\/en\/lashabitaciones\/#breadcrumb\"},\"inLanguage\":\"en-US\",\"potentialAction\":[{\"@type\":\"ReadAction\",\"target\":[\"https:\/\/estudianteshospedaje.com\/en\/lashabitaciones\/\"]}]},{\"@type\":\"BreadcrumbList\",\"@id\":\"https:\/\/estudianteshospedaje.com\/en\/lashabitaciones\/#breadcrumb\",\"itemListElement\":[{\"@type\":\"ListItem\",\"position\":1,\"name\":\"Portada\",\"item\":\"https:\/\/estudianteshospedaje.com\/\"},{\"@type\":\"ListItem\",\"position\":2,\"name\":\"Las habitaciones\"}]},{\"@type\":\"WebSite\",\"@id\":\"https:\/\/estudianteshospedaje.com\/#website\",\"url\":\"https:\/\/estudianteshospedaje.com\/\",\"name\":\"Residencia Universitaria\",\"description\":\"Hospedaje para estudiantes\",\"publisher\":{\"@id\":\"https:\/\/estudianteshospedaje.com\/#organization\"},\"potentialAction\":[{\"@type\":\"SearchAction\",\"target\":{\"@type\":\"EntryPoint\",\"urlTemplate\":\"https:\/\/estudianteshospedaje.com\/?s={search_term_string}\"},\"query-input\":\"required name=search_term_string\"}],\"inLanguage\":\"en-US\"},{\"@type\":\"Organization\",\"@id\":\"https:\/\/estudianteshospedaje.com\/#organization\",\"name\":\"Residencia Universitaria\",\"url\":\"https:\/\/estudianteshospedaje.com\/\",\"logo\":{\"@type\":\"ImageObject\",\"inLanguage\":\"en-US\",\"@id\":\"https:\/\/estudianteshospedaje.com\/#\/schema\/logo\/image\/\",\"url\":\"http:\/\/estudianteshospedaje.com\/wp-content\/uploads\/2019\/11\/logo-residencia.png\",\"contentUrl\":\"http:\/\/estudianteshospedaje.com\/wp-content\/uploads\/2019\/11\/logo-residencia.png\",\"width\":140,\"height\":58,\"caption\":\"Residencia Universitaria\"},\"image\":{\"@id\":\"https:\/\/estudianteshospedaje.com\/#\/schema\/logo\/image\/\"}}]}<\/script>\n<!-- \/ Yoast SEO plugin. -->","yoast_head_json":{"title":"Las habitaciones - Residencia Universitaria","description":"Es un alojamiento familiar para estudiantes universitarios o de intercambio, ofrecemos calidad y contamos con la cercan\u00eda a diferentes universidades.","robots":{"index":"index","follow":"follow","max-snippet":"max-snippet:-1","max-image-preview":"max-image-preview:large","max-video-preview":"max-video-preview:-1"},"canonical":"https:\/\/estudianteshospedaje.com\/en\/lashabitaciones\/","og_locale":"en_US","og_type":"article","og_title":"Las habitaciones - Residencia Universitaria","og_description":"Es un alojamiento familiar para estudiantes universitarios o de intercambio, ofrecemos calidad y contamos con la cercan\u00eda a diferentes universidades.","og_url":"https:\/\/estudianteshospedaje.com\/en\/lashabitaciones\/","og_site_name":"Residencia Universitaria","article_modified_time":"2019-12-10T03:50:45+00:00","twitter_card":"summary_large_image","twitter_misc":{"Est. reading time":"1 minute"},"schema":{"@context":"https:\/\/schema.org","@graph":[{"@type":"WebPage","@id":"https:\/\/estudianteshospedaje.com\/en\/lashabitaciones\/","url":"https:\/\/estudianteshospedaje.com\/en\/lashabitaciones\/","name":"Las habitaciones - Residencia Universitaria","isPartOf":{"@id":"https:\/\/estudianteshospedaje.com\/#website"},"datePublished":"2019-06-23T05:58:58+00:00","dateModified":"2019-12-10T03:50:45+00:00","description":"Es un alojamiento familiar para estudiantes universitarios o de intercambio, ofrecemos calidad y contamos con la cercan\u00eda a diferentes universidades.","breadcrumb":{"@id":"https:\/\/estudianteshospedaje.com\/en\/lashabitaciones\/#breadcrumb"},"inLanguage":"en-US","potentialAction":[{"@type":"ReadAction","target":["https:\/\/estudianteshospedaje.com\/en\/lashabitaciones\/"]}]},{"@type":"BreadcrumbList","@id":"https:\/\/estudianteshospedaje.com\/en\/lashabitaciones\/#breadcrumb","itemListElement":[{"@type":"ListItem","position":1,"name":"Portada","item":"https:\/\/estudianteshospedaje.com\/"},{"@type":"ListItem","position":2,"name":"Las habitaciones"}]},{"@type":"WebSite","@id":"https:\/\/estudianteshospedaje.com\/#website","url":"https:\/\/estudianteshospedaje.com\/","name":"Residencia Universitaria","description":"Hospedaje para estudiantes","publisher":{"@id":"https:\/\/estudianteshospedaje.com\/#organization"},"potentialAction":[{"@type":"SearchAction","target":{"@type":"EntryPoint","urlTemplate":"https:\/\/estudianteshospedaje.com\/?s={search_term_string}"},"query-input":"required name=search_term_string"}],"inLanguage":"en-US"},{"@type":"Organization","@id":"https:\/\/estudianteshospedaje.com\/#organization","name":"Residencia Universitaria","url":"https:\/\/estudianteshospedaje.com\/","logo":{"@type":"ImageObject","inLanguage":"en-US","@id":"https:\/\/estudianteshospedaje.com\/#\/schema\/logo\/image\/","url":"http:\/\/estudianteshospedaje.com\/wp-content\/uploads\/2019\/11\/logo-residencia.png","contentUrl":"http:\/\/estudianteshospedaje.com\/wp-content\/uploads\/2019\/11\/logo-residencia.png","width":140,"height":58,"caption":"Residencia Universitaria"},"image":{"@id":"https:\/\/estudianteshospedaje.com\/#\/schema\/logo\/image\/"}}]}},"_links":{"self":[{"href":"https:\/\/estudianteshospedaje.com\/en\/wp-json\/wp\/v2\/pages\/53","targetHints":{"allow":["GET"]}}],"collection":[{"href":"https:\/\/estudianteshospedaje.com\/en\/wp-json\/wp\/v2\/pages"}],"about":[{"href":"https:\/\/estudianteshospedaje.com\/en\/wp-json\/wp\/v2\/types\/page"}],"author":[{"embeddable":true,"href":"https:\/\/estudianteshospedaje.com\/en\/wp-json\/wp\/v2\/users\/1"}],"replies":[{"embeddable":true,"href":"https:\/\/estudianteshospedaje.com\/en\/wp-json\/wp\/v2\/comments?post=53"}],"version-history":[{"count":33,"href":"https:\/\/estudianteshospedaje.com\/en\/wp-json\/wp\/v2\/pages\/53\/revisions"}],"predecessor-version":[{"id":1689,"href":"https:\/\/estudianteshospedaje.com\/en\/wp-json\/wp\/v2\/pages\/53\/revisions\/1689"}],"wp:attachment":[{"href":"https:\/\/estudianteshospedaje.com\/en\/wp-json\/wp\/v2\/media?parent=53"}],"curies":[{"name":"wp","href":"https:\/\/api.w.org\/{rel}","templated":true}]}}