{"id":51,"date":"2019-06-23T05:58:00","date_gmt":"2019-06-23T05:58:00","guid":{"rendered":"https:\/\/the7.io\/hotel\/?page_id=51"},"modified":"2023-06-10T01:19:43","modified_gmt":"2023-06-10T01:19:43","slug":"consultanos","status":"publish","type":"page","link":"https:\/\/estudianteshospedaje.com\/en\/consultanos\/","title":{"rendered":"Contact"},"content":{"rendered":"<div class=\"wpb-content-wrapper\"><div class=\"vc_row wpb_row vc_row-fluid vc_custom_1575167391602 vc_row-o-content-middle vc_row-flex\"><div class=\"wpb_column vc_column_container vc_col-sm-12 vc_col-has-fill\"><div class=\"vc_column-inner vc_custom_1575167750182\"><div class=\"wpb_wrapper\"><div class=\"vc_row wpb_row vc_inner vc_row-fluid vc_row-o-equal-height vc_row-o-content-middle vc_row-flex\"><div class=\"wpb_column vc_column_container vc_col-sm-2\"><div class=\"vc_column-inner vc_custom_1565164944880\"><div class=\"wpb_wrapper\"><style type=\"text\/css\" data-type=\"the7_shortcodes-inline-css\">.dt-shortcode-icon.icon-4edb2a2338c32a465ecc545181743edd {\n  min-width: 44px;\n  min-height: 44px;\n  font-size: 32px;\n  border-radius: 0px;\n}\n.dt-shortcode-icon.icon-4edb2a2338c32a465ecc545181743edd:last-child {\n  margin-right: 0;\n}\n.dt-shortcode-icon.icon-4edb2a2338c32a465ecc545181743edd .icon-inner {\n  margin: 0px;\n  min-width: 44px;\n  min-height: 44px;\n  border-radius: 0px;\n}\n.dt-shortcode-icon.icon-4edb2a2338c32a465ecc545181743edd .dt-hover-icon {\n  line-height: 44px;\n}\n.dt-shortcode-icon.icon-4edb2a2338c32a465ecc545181743edd:before,\n.dt-shortcode-icon.icon-4edb2a2338c32a465ecc545181743edd:after,\n.dt-shortcode-icon.icon-4edb2a2338c32a465ecc545181743edd .icon-inner:before,\n.dt-shortcode-icon.icon-4edb2a2338c32a465ecc545181743edd .icon-inner:after {\n  min-width: 100%;\n  min-height: 100%;\n  padding: inherit;\n  border-radius: inherit;\n}\n.dt-shortcode-icon.icon-4edb2a2338c32a465ecc545181743edd.dt-icon-border-on:before {\n  border-width: 0px;\n  border-style: solid;\n}\n.dt-icon-border-dashed.dt-shortcode-icon.icon-4edb2a2338c32a465ecc545181743edd.dt-icon-border-on:before {\n  border-style: dashed;\n}\n.dt-icon-border-dotted.dt-shortcode-icon.icon-4edb2a2338c32a465ecc545181743edd.dt-icon-border-on:before {\n  border-style: dotted;\n}\n.dt-icon-border-double.dt-shortcode-icon.icon-4edb2a2338c32a465ecc545181743edd.dt-icon-border-on:before {\n  border-style: double;\n}\n.dt-shortcode-icon.icon-4edb2a2338c32a465ecc545181743edd.dt-icon-hover-border-on:after {\n  border-width: 0px;\n  border-style: solid;\n}\n.dt-icon-border-dashed.dt-shortcode-icon.icon-4edb2a2338c32a465ecc545181743edd.dt-icon-hover-border-on:after {\n  border-style: dashed;\n}\n.dt-icon-border-dotted.dt-shortcode-icon.icon-4edb2a2338c32a465ecc545181743edd.dt-icon-hover-border-on:after {\n  border-style: dotted;\n}\n.dt-icon-border-double.dt-shortcode-icon.icon-4edb2a2338c32a465ecc545181743edd.dt-icon-hover-border-on:after {\n  border-style: double;\n}\n.dt-shortcode-icon.icon-4edb2a2338c32a465ecc545181743edd.dt-icon-hover-on:hover {\n  font-size: 32px;\n}\n#page .dt-shortcode-icon.icon-4edb2a2338c32a465ecc545181743edd.dt-icon-hover-on:hover .soc-font-icon,\n#phantom .dt-shortcode-icon.icon-4edb2a2338c32a465ecc545181743edd.dt-icon-hover-on:hover .soc-font-icon,\n#page .dt-shortcode-icon.icon-4edb2a2338c32a465ecc545181743edd.dt-icon-hover-on:hover .soc-icon,\n#phantom .dt-shortcode-icon.icon-4edb2a2338c32a465ecc545181743edd.dt-icon-hover-on:hover .soc-icon {\n  color: rgba(255,255,255,0.75);\n  background: none;\n}\n#page .dt-shortcode-icon.icon-4edb2a2338c32a465ecc545181743edd.dt-icon-hover-on:not(:hover) .soc-font-icon,\n#phantom .dt-shortcode-icon.icon-4edb2a2338c32a465ecc545181743edd.dt-icon-hover-on:not(:hover) .soc-font-icon,\n#page .dt-shortcode-icon.icon-4edb2a2338c32a465ecc545181743edd.dt-icon-hover-on:not(:hover) .soc-icon,\n#phantom .dt-shortcode-icon.icon-4edb2a2338c32a465ecc545181743edd.dt-icon-hover-on:not(:hover) .soc-icon,\n#page .dt-shortcode-icon.icon-4edb2a2338c32a465ecc545181743edd.dt-icon-hover-off .soc-font-icon,\n#phantom .dt-shortcode-icon.icon-4edb2a2338c32a465ecc545181743edd.dt-icon-hover-off .soc-font-icon,\n#page .dt-shortcode-icon.icon-4edb2a2338c32a465ecc545181743edd.dt-icon-hover-off .soc-icon,\n#phantom .dt-shortcode-icon.icon-4edb2a2338c32a465ecc545181743edd.dt-icon-hover-off .soc-icon {\n  color: #ad5142;\n  background: none;\n}\n.dt-shortcode-icon.icon-4edb2a2338c32a465ecc545181743edd .soc-font-icon,\n.dt-shortcode-icon.icon-4edb2a2338c32a465ecc545181743edd .soc-icon {\n  font-size: 32px;\n}\n<\/style><div class=\"dt-shortcode-icon-wrap dt-icon-center\"><span  class=\"anchor-link icomoon-the7-font-the7-mail-05 icon-4edb2a2338c32a465ecc545181743edd dt-shortcode-icon dt-icon-bg-off dt-icon-hover-border-on dt-icon-hover-off dt-icon-hover-bg-on  vc_custom_1575167250135\" ><span class=\"icon-inner\"><i class=\"dt-regular-icon soc-icon icomoon-the7-font-the7-mail-05\"><\/i><i class=\"dt-hover-icon soc-icon icomoon-the7-font-the7-mail-05\"><\/i><span class=\"screen-reader-text\"><\/span><\/span><\/span><\/div><\/div><\/div><\/div><div class=\"wpb_column vc_column_container vc_col-sm-10\"><div class=\"vc_column-inner vc_custom_1575167732335\"><div class=\"wpb_wrapper\"><div id=\"ultimate-heading-790569e5c66890efa\" class=\"uvc-heading ult-adjust-bottom-margin ultimate-heading-790569e5c66890efa uvc-1275  uvc-heading-default-font-sizes\" data-hspacer=\"no_spacer\"  data-halign=\"left\" style=\"text-align:left\"><div class=\"uvc-heading-spacer no_spacer\" style=\"top\"><\/div><div class=\"uvc-sub-heading ult-responsive\"  data-ultimate-target='.uvc-heading.ultimate-heading-790569e5c66890efa .uvc-sub-heading '  data-responsive-json-new='{\"font-size\":\"\",\"line-height\":\"\"}'  style=\"font-weight:normal;margin-bottom:20px;\"><b>Send us an email indicating:<\/b><\/p>\n<ul>\n<li>Your origin<\/li>\n<li>Full name<\/li>\n<li>Which study center will you attend?<\/li>\n<li>From when and until when do you require accommodation \/ dates<\/li>\n<\/ul>\n<p><\/div><\/div><\/div><\/div><\/div><\/div><\/div><\/div><\/div><\/div><div class=\"vc_row wpb_row vc_row-fluid\"><div class=\"wpb_column vc_column_container vc_col-sm-12\"><div class=\"vc_column-inner\"><div class=\"wpb_wrapper\"><div class=\"vc_separator wpb_content_element vc_separator_align_center vc_sep_width_100 vc_sep_pos_align_center vc_separator_no_text vc_sep_color_grey wpb_content_element  wpb_content_element\" ><span class=\"vc_sep_holder vc_sep_holder_l\"><span class=\"vc_sep_line\"><\/span><\/span><span class=\"vc_sep_holder vc_sep_holder_r\"><span class=\"vc_sep_line\"><\/span><\/span>\n<\/div><\/div><\/div><\/div><\/div><div class=\"vc_row wpb_row vc_row-fluid vc_custom_1566896148561\"><div class=\"wpb_column vc_column_container vc_col-sm-12\" id=\"book-table\"><div class=\"vc_column-inner vc_custom_1566653490758\"><div class=\"wpb_wrapper\"><h3 style=\"text-align: center\" class=\"vc_custom_heading vc_do_custom_heading vc_custom_1575171305005\" >Write to us<\/h3>\n\t<div class=\"wpb_text_column wpb_content_element  vc_custom_1576557279562\" >\n\t\t<div class=\"wpb_wrapper\">\n\t\t\t<p style=\"text-align: center;\"><a href=\"mailto:estudianteshospedaje@gmail.com\" target=\"_blank\" rel=\"noopener noreferrer\">estudianteshospedaje@gmail.com<\/a><\/p>\n\n\t\t<\/div>\n\t<\/div>\n<\/div><\/div><\/div><\/div><div class=\"vc_row wpb_row vc_row-fluid\"><div class=\"wpb_column vc_column_container vc_col-sm-12\"><div class=\"vc_column-inner\"><div class=\"wpb_wrapper\"><div class=\"vc_separator wpb_content_element vc_separator_align_center vc_sep_width_100 vc_sep_pos_align_center vc_separator_no_text vc_sep_color_grey wpb_content_element  wpb_content_element\" ><span class=\"vc_sep_holder vc_sep_holder_l\"><span class=\"vc_sep_line\"><\/span><\/span><span class=\"vc_sep_holder vc_sep_holder_r\"><span class=\"vc_sep_line\"><\/span><\/span>\n<\/div><\/div><\/div><\/div><\/div>\n<\/div>","protected":false},"excerpt":{"rendered":"<p>Env\u00edanos un correo indicando: Tu procedencia Nombre completo A qu\u00e9 centro de estudios asistir\u00e1s Desde cu\u00e1ndo y hasta cu\u00e1ndo requieres hospedaje \/ fechas Escr\u00edbenos estudianteshospedaje@gmail.com<\/p>","protected":false},"author":1,"featured_media":0,"parent":0,"menu_order":0,"comment_status":"closed","ping_status":"closed","template":"","meta":{"footnotes":""},"class_list":["post-51","page","type-page","status-publish","hentry","description-off"],"yoast_head":"<!-- This site is optimized with the Yoast SEO plugin v20.8 - https:\/\/yoast.com\/wordpress\/plugins\/seo\/ -->\n<title>Cons\u00faltanos - Residencia Universitaria<\/title>\n<meta name=\"description\" content=\"Es un alojamiento familiar para estudiantes universitarios o de intercambio, ofrecemos calidad y contamos con la cercan\u00eda a diferentes universidades.\" \/>\n<meta name=\"robots\" content=\"index, follow, max-snippet:-1, max-image-preview:large, max-video-preview:-1\" \/>\n<link rel=\"canonical\" href=\"https:\/\/estudianteshospedaje.com\/en\/consultanos\/\" \/>\n<meta property=\"og:locale\" content=\"en_US\" \/>\n<meta property=\"og:type\" content=\"article\" \/>\n<meta property=\"og:title\" content=\"Cons\u00faltanos - Residencia Universitaria\" \/>\n<meta property=\"og:description\" content=\"Es un alojamiento familiar para estudiantes universitarios o de intercambio, ofrecemos calidad y contamos con la cercan\u00eda a diferentes universidades.\" \/>\n<meta property=\"og:url\" content=\"https:\/\/estudianteshospedaje.com\/en\/consultanos\/\" \/>\n<meta property=\"og:site_name\" content=\"Residencia Universitaria\" \/>\n<meta property=\"article:modified_time\" content=\"2023-06-10T01:19:43+00:00\" \/>\n<meta name=\"twitter:card\" content=\"summary_large_image\" \/>\n<meta name=\"twitter:label1\" content=\"Est. reading time\" \/>\n\t<meta name=\"twitter:data1\" content=\"1 minute\" \/>\n<script type=\"application\/ld+json\" class=\"yoast-schema-graph\">{\"@context\":\"https:\/\/schema.org\",\"@graph\":[{\"@type\":\"WebPage\",\"@id\":\"https:\/\/estudianteshospedaje.com\/en\/consultanos\/\",\"url\":\"https:\/\/estudianteshospedaje.com\/en\/consultanos\/\",\"name\":\"Cons\u00faltanos - Residencia Universitaria\",\"isPartOf\":{\"@id\":\"https:\/\/estudianteshospedaje.com\/#website\"},\"datePublished\":\"2019-06-23T05:58:00+00:00\",\"dateModified\":\"2023-06-10T01:19:43+00:00\",\"description\":\"Es un alojamiento familiar para estudiantes universitarios o de intercambio, ofrecemos calidad y contamos con la cercan\u00eda a diferentes universidades.\",\"breadcrumb\":{\"@id\":\"https:\/\/estudianteshospedaje.com\/en\/consultanos\/#breadcrumb\"},\"inLanguage\":\"en-US\",\"potentialAction\":[{\"@type\":\"ReadAction\",\"target\":[\"https:\/\/estudianteshospedaje.com\/en\/consultanos\/\"]}]},{\"@type\":\"BreadcrumbList\",\"@id\":\"https:\/\/estudianteshospedaje.com\/en\/consultanos\/#breadcrumb\",\"itemListElement\":[{\"@type\":\"ListItem\",\"position\":1,\"name\":\"Portada\",\"item\":\"https:\/\/estudianteshospedaje.com\/\"},{\"@type\":\"ListItem\",\"position\":2,\"name\":\"Cons\u00faltanos\"}]},{\"@type\":\"WebSite\",\"@id\":\"https:\/\/estudianteshospedaje.com\/#website\",\"url\":\"https:\/\/estudianteshospedaje.com\/\",\"name\":\"Residencia Universitaria\",\"description\":\"Hospedaje para estudiantes\",\"publisher\":{\"@id\":\"https:\/\/estudianteshospedaje.com\/#organization\"},\"potentialAction\":[{\"@type\":\"SearchAction\",\"target\":{\"@type\":\"EntryPoint\",\"urlTemplate\":\"https:\/\/estudianteshospedaje.com\/?s={search_term_string}\"},\"query-input\":\"required name=search_term_string\"}],\"inLanguage\":\"en-US\"},{\"@type\":\"Organization\",\"@id\":\"https:\/\/estudianteshospedaje.com\/#organization\",\"name\":\"Residencia Universitaria\",\"url\":\"https:\/\/estudianteshospedaje.com\/\",\"logo\":{\"@type\":\"ImageObject\",\"inLanguage\":\"en-US\",\"@id\":\"https:\/\/estudianteshospedaje.com\/#\/schema\/logo\/image\/\",\"url\":\"http:\/\/estudianteshospedaje.com\/wp-content\/uploads\/2019\/11\/logo-residencia.png\",\"contentUrl\":\"http:\/\/estudianteshospedaje.com\/wp-content\/uploads\/2019\/11\/logo-residencia.png\",\"width\":140,\"height\":58,\"caption\":\"Residencia Universitaria\"},\"image\":{\"@id\":\"https:\/\/estudianteshospedaje.com\/#\/schema\/logo\/image\/\"}}]}<\/script>\n<!-- \/ Yoast SEO plugin. -->","yoast_head_json":{"title":"Cons\u00faltanos - Residencia Universitaria","description":"Es un alojamiento familiar para estudiantes universitarios o de intercambio, ofrecemos calidad y contamos con la cercan\u00eda a diferentes universidades.","robots":{"index":"index","follow":"follow","max-snippet":"max-snippet:-1","max-image-preview":"max-image-preview:large","max-video-preview":"max-video-preview:-1"},"canonical":"https:\/\/estudianteshospedaje.com\/en\/consultanos\/","og_locale":"en_US","og_type":"article","og_title":"Cons\u00faltanos - Residencia Universitaria","og_description":"Es un alojamiento familiar para estudiantes universitarios o de intercambio, ofrecemos calidad y contamos con la cercan\u00eda a diferentes universidades.","og_url":"https:\/\/estudianteshospedaje.com\/en\/consultanos\/","og_site_name":"Residencia Universitaria","article_modified_time":"2023-06-10T01:19:43+00:00","twitter_card":"summary_large_image","twitter_misc":{"Est. reading time":"1 minute"},"schema":{"@context":"https:\/\/schema.org","@graph":[{"@type":"WebPage","@id":"https:\/\/estudianteshospedaje.com\/en\/consultanos\/","url":"https:\/\/estudianteshospedaje.com\/en\/consultanos\/","name":"Cons\u00faltanos - Residencia Universitaria","isPartOf":{"@id":"https:\/\/estudianteshospedaje.com\/#website"},"datePublished":"2019-06-23T05:58:00+00:00","dateModified":"2023-06-10T01:19:43+00:00","description":"Es un alojamiento familiar para estudiantes universitarios o de intercambio, ofrecemos calidad y contamos con la cercan\u00eda a diferentes universidades.","breadcrumb":{"@id":"https:\/\/estudianteshospedaje.com\/en\/consultanos\/#breadcrumb"},"inLanguage":"en-US","potentialAction":[{"@type":"ReadAction","target":["https:\/\/estudianteshospedaje.com\/en\/consultanos\/"]}]},{"@type":"BreadcrumbList","@id":"https:\/\/estudianteshospedaje.com\/en\/consultanos\/#breadcrumb","itemListElement":[{"@type":"ListItem","position":1,"name":"Portada","item":"https:\/\/estudianteshospedaje.com\/"},{"@type":"ListItem","position":2,"name":"Cons\u00faltanos"}]},{"@type":"WebSite","@id":"https:\/\/estudianteshospedaje.com\/#website","url":"https:\/\/estudianteshospedaje.com\/","name":"Residencia Universitaria","description":"Hospedaje para estudiantes","publisher":{"@id":"https:\/\/estudianteshospedaje.com\/#organization"},"potentialAction":[{"@type":"SearchAction","target":{"@type":"EntryPoint","urlTemplate":"https:\/\/estudianteshospedaje.com\/?s={search_term_string}"},"query-input":"required name=search_term_string"}],"inLanguage":"en-US"},{"@type":"Organization","@id":"https:\/\/estudianteshospedaje.com\/#organization","name":"Residencia Universitaria","url":"https:\/\/estudianteshospedaje.com\/","logo":{"@type":"ImageObject","inLanguage":"en-US","@id":"https:\/\/estudianteshospedaje.com\/#\/schema\/logo\/image\/","url":"http:\/\/estudianteshospedaje.com\/wp-content\/uploads\/2019\/11\/logo-residencia.png","contentUrl":"http:\/\/estudianteshospedaje.com\/wp-content\/uploads\/2019\/11\/logo-residencia.png","width":140,"height":58,"caption":"Residencia Universitaria"},"image":{"@id":"https:\/\/estudianteshospedaje.com\/#\/schema\/logo\/image\/"}}]}},"_links":{"self":[{"href":"https:\/\/estudianteshospedaje.com\/en\/wp-json\/wp\/v2\/pages\/51","targetHints":{"allow":["GET"]}}],"collection":[{"href":"https:\/\/estudianteshospedaje.com\/en\/wp-json\/wp\/v2\/pages"}],"about":[{"href":"https:\/\/estudianteshospedaje.com\/en\/wp-json\/wp\/v2\/types\/page"}],"author":[{"embeddable":true,"href":"https:\/\/estudianteshospedaje.com\/en\/wp-json\/wp\/v2\/users\/1"}],"replies":[{"embeddable":true,"href":"https:\/\/estudianteshospedaje.com\/en\/wp-json\/wp\/v2\/comments?post=51"}],"version-history":[{"count":36,"href":"https:\/\/estudianteshospedaje.com\/en\/wp-json\/wp\/v2\/pages\/51\/revisions"}],"predecessor-version":[{"id":1800,"href":"https:\/\/estudianteshospedaje.com\/en\/wp-json\/wp\/v2\/pages\/51\/revisions\/1800"}],"wp:attachment":[{"href":"https:\/\/estudianteshospedaje.com\/en\/wp-json\/wp\/v2\/media?parent=51"}],"curies":[{"name":"wp","href":"https:\/\/api.w.org\/{rel}","templated":true}]}}